{"id":6,"date":"2024-01-02T19:59:20","date_gmt":"2024-01-02T19:59:20","guid":{"rendered":"https:\/\/www.exterra-holding.cz\/?page_id=6"},"modified":"2024-01-02T19:59:20","modified_gmt":"2024-01-02T19:59:20","slug":"kontakt","status":"publish","type":"page","link":"https:\/\/www.exterra-holding.cz\/","title":{"rendered":"Kontakt"},"content":{"rendered":"\n<p>exTerra Holding s.r.o.<\/p>\n\n\n\n<p>Zapsan\u00e1 u M\u011bstsk\u00e9ho soudu v Praze pod spisovou zna\u010dkou C 384097.<\/p>\n\n\n\n<p>I\u010c: 19279809<br>Poli\u010dansk\u00e1 1487<br>\u00dajezd nad Lesy<br>90 16 Praha 9<\/p>\n","protected":false},"excerpt":{"rendered":"<p>exTerra Holding s.r.o. Zapsan\u00e1 u M\u011bstsk\u00e9ho soudu v Praze pod spisovou zna\u010dkou C 384097. I\u010c: 19279809Poli\u010dansk\u00e1 1487\u00dajezd nad Lesy90 16 Praha 9<\/p>\n","protected":false},"author":1,"featured_media":0,"parent":0,"menu_order":0,"comment_status":"closed","ping_status":"closed","template":"","meta":{"footnotes":""},"class_list":["post-6","page","type-page","status-publish"],"_links":{"self":[{"href":"https:\/\/www.exterra-holding.cz\/index.php\/wp-json\/wp\/v2\/pages\/6","targetHints":{"allow":["GET"]}}],"collection":[{"href":"https:\/\/www.exterra-holding.cz\/index.php\/wp-json\/wp\/v2\/pages"}],"about":[{"href":"https:\/\/www.exterra-holding.cz\/index.php\/wp-json\/wp\/v2\/types\/page"}],"author":[{"embeddable":true,"href":"https:\/\/www.exterra-holding.cz\/index.php\/wp-json\/wp\/v2\/users\/1"}],"replies":[{"embeddable":true,"href":"https:\/\/www.exterra-holding.cz\/index.php\/wp-json\/wp\/v2\/comments?post=6"}],"version-history":[{"count":1,"href":"https:\/\/www.exterra-holding.cz\/index.php\/wp-json\/wp\/v2\/pages\/6\/revisions"}],"predecessor-version":[{"id":7,"href":"https:\/\/www.exterra-holding.cz\/index.php\/wp-json\/wp\/v2\/pages\/6\/revisions\/7"}],"wp:attachment":[{"href":"https:\/\/www.exterra-holding.cz\/index.php\/wp-json\/wp\/v2\/media?parent=6"}],"curies":[{"name":"wp","href":"https:\/\/api.w.org\/{rel}","templated":true}]}}